{"id":1087,"date":"2022-04-22T11:30:39","date_gmt":"2022-04-22T09:30:39","guid":{"rendered":"http:\/\/sigma.genegis.it\/portal\/?page_id=1087"},"modified":"2022-05-16T10:15:30","modified_gmt":"2022-05-16T08:15:30","slug":"vas_2020","status":"publish","type":"page","link":"http:\/\/sigma.genegis.it\/portal\/index.php\/direttiva-alluvioni\/753-2\/vas_2020\/","title":{"rendered":"Valutazione ambientale strategica"},"content":{"rendered":"\n<h2>\n\t\tVALUTAZIONE AMBIENTALE STRATEGICA\n\t<\/h2>\n\t<p>La valutazione degli effetti di piani e programmi sull&#8217;ambiente naturale&#8221; \u00e8 stata introdotta dalla Direttiva 2001\/42\/CE, detta Direttiva VAS, che rappresenta un importante contributo all&#8217;attuazione delle strategie comunitarie per lo sviluppo sostenibile, rendendo operativa l&#8217;integrazione della dimensione ambientale nei processi decisionali strategici.<\/p>\n<p>A livello nazionale la Direttiva 2001\/42\/CE \u00e8 stata recepita con la parte seconda del D.lgs. 3 aprile 2006, n. 152 e s.m.i.<\/p>\n<p>La valutazione ambientale strategica di piani e programmi che possono avere un impatto significativo sull&#8217;ambiente si effettua durante la fase preparatoria di un piano o di un programma e anteriormente alla approvazione in sede legislativa. La VAS costituisce per i piani di gestione delle acque un elemento valutativo, gestionale e di monitoraggio.<\/p>\n<p>Gli elementi innovativi introdotti con la VAS influenzano sostanzialmente il modo di pianificare e si possono ricondurre a:<\/p>\n&#8211; Il coinvolgimento e la consultazione dei soggetti competenti in materia ambientale (pubbliche amministrazioni e gli enti pubblici che, per le loro specifiche competenze o responsabilit\u00e0 in campo ambientale, possono essere interessati agli impatti sull&#8217;ambiente dovuti all&#8217;attuazione dei piani programmi) e del pubblico interessato dall&#8217;iter decisionale.<br>\n&#8211; Le consultazioni transfrontaliere, previste qualora il piano possa avere impatti rilevanti sull&#8217;ambiente di un altro Stato, o qualora un altro Stato lo richieda.<br>\n&#8211; L&#8217;individuazione e la valutazione delle ragionevoli alternative del piano.\n<p>Al fine di assicurare che nell&#8217;aggiornamento del Piano (secondo ciclo di pianificazione 2021-2027) si tenesse conto della componente ambientale, si \u00e8 proceduto alla verifica di assoggettabilit\u00e0 dell&#8217;aggiornamento di Piano al procedimento di VAS, in modo che quest&#8217;ultimo fosse avviato contestualmente al processo di aggiornamento di Piano.<\/p>\n<p>La Direzione Generale per la Crescita Sostenibile e la Qualit\u00e0 dello Sviluppo &#8211; Divisione V &#8211; sistemi di valutazione ambientale del Ministero della Transizione Ecologica ha disposto l&#8217;esclusione dell&#8217;aggiornamento del Piano di gestione del rischio di alluvioni del Distretto delle Alpi Orientali (secondo ciclo di pianificazione 2021-2027) dalla procedura di VAS. La Commissione tecnica di Verifica dell&#8217;Impatto Ambientale VIA-VAS ha infatti espresso parere favorevole a tale esclusione, con una serie di prescrizioni contenute nel provvedimento di verifica qui integralmente pubblicato.<\/p>\n<p>La revisione di tale piano non comporta infatti nuovi effetti significativi non gi\u00e0 precedentemente considerati in quanto n\u00e9 il quadro programmatico ambientale n\u00e9 le tipologie di interventi che saranno contemplate nel programma delle misure si discosteranno sostanzialmente da quanto gi\u00e0 contenuto nel Piano di gestione (primo ciclo di pianificazione 2015-2021).<\/p>\n<p>Tutta la documentazione istruttoria \u00e8 disponibile sul<a href=\"https:\/\/va.minambiente.it\/it-IT\"> Portale delle Valutazioni e Autorizzazioni Ambientali: VAS &#8211; VIA &#8211; AIA VAS del Ministero della Transizione Ecologica.<\/a><\/p>\n<h4>CONSULTA I DOCUMENTI<\/h4>\n<p><a href=\"https:\/\/distrettoalpiorientali.it\/wp-content\/uploads\/2021\/05\/MATTM_DEC_2021-0000145.pdf\" target=\"_blank\" rel=\"noopener\">Decreto direttoriale di Verifica di Assoggettabilit\u00e0 a VAS prot. MATTM-145 del 14.05.2021<\/a><\/p>\n<p><a href=\"https:\/\/distrettoalpiorientali.it\/wp-content\/uploads\/2021\/05\/MATTM_REGISTRO_UFFICIALE_INGRESSO_0033617_31-03-2021_1.pdf\" target=\"_blank\" rel=\"noopener\">Parere della Commissione Tecnica di verifica dell&#8217;Impatto Ambientale VIA-VAS n. 10 del 26.03.2021<\/a><\/p>\n<p><a href=\"https:\/\/distrettoalpiorientali.it\/wp-content\/uploads\/2021\/05\/PGRA_rapporto_preliminare_assoggettabilit_.pdf\" target=\"_blank\" rel=\"noopener\">Rapporto preliminare<\/a><\/p>\n","protected":false},"excerpt":{"rendered":"<p>VALUTAZIONE AMBIENTALE STRATEGICA La valutazione degli effetti di piani e programmi sull&#8217;ambiente naturale&#8221; \u00e8 stata introdotta dalla Direttiva 2001\/42\/CE, detta Direttiva VAS, che rappresenta un importante contributo all&#8217;attuazione delle strategie comunitarie per lo sviluppo sostenibile, rendendo operativa l&#8217;integrazione della dimensione ambientale nei processi decisionali strategici.<\/p>\n","protected":false},"author":1,"featured_media":0,"parent":753,"menu_order":0,"comment_status":"closed","ping_status":"closed","template":"template-page-builder-no-sidebar.php","meta":[],"tags":[],"_links":{"self":[{"href":"http:\/\/sigma.genegis.it\/portal\/index.php\/wp-json\/wp\/v2\/pages\/1087"}],"collection":[{"href":"http:\/\/sigma.genegis.it\/portal\/index.php\/wp-json\/wp\/v2\/pages"}],"about":[{"href":"http:\/\/sigma.genegis.it\/portal\/index.php\/wp-json\/wp\/v2\/types\/page"}],"author":[{"embeddable":true,"href":"http:\/\/sigma.genegis.it\/portal\/index.php\/wp-json\/wp\/v2\/users\/1"}],"replies":[{"embeddable":true,"href":"http:\/\/sigma.genegis.it\/portal\/index.php\/wp-json\/wp\/v2\/comments?post=1087"}],"version-history":[{"count":6,"href":"http:\/\/sigma.genegis.it\/portal\/index.php\/wp-json\/wp\/v2\/pages\/1087\/revisions"}],"predecessor-version":[{"id":1131,"href":"http:\/\/sigma.genegis.it\/portal\/index.php\/wp-json\/wp\/v2\/pages\/1087\/revisions\/1131"}],"up":[{"embeddable":true,"href":"http:\/\/sigma.genegis.it\/portal\/index.php\/wp-json\/wp\/v2\/pages\/753"}],"wp:attachment":[{"href":"http:\/\/sigma.genegis.it\/portal\/index.php\/wp-json\/wp\/v2\/media?parent=1087"}],"wp:term":[{"taxonomy":"post_tag","embeddable":true,"href":"http:\/\/sigma.genegis.it\/portal\/index.php\/wp-json\/wp\/v2\/tags?post=1087"}],"curies":[{"name":"wp","href":"https:\/\/api.w.org\/{rel}","templated":true}]}}